{"id":99,"date":"2021-04-22T16:39:59","date_gmt":"2021-04-22T16:39:59","guid":{"rendered":"https:\/\/www.jacekjurkiewicz.pl\/?page_id=99"},"modified":"2024-04-03T21:58:49","modified_gmt":"2024-04-03T21:58:49","slug":"multimedia-2","status":"publish","type":"page","link":"https:\/\/www.jacekjurkiewicz.pl\/index.php\/multimedia-2\/","title":{"rendered":"Multimedia"},"content":{"rendered":"\t\t<div data-elementor-type=\"wp-page\" data-elementor-id=\"99\" class=\"elementor elementor-99\" data-elementor-post-type=\"page\">\n\t\t\t\t\t\t<section class=\"elementor-section elementor-top-section elementor-element elementor-element-a9caec1 elementor-section-boxed elementor-section-height-default elementor-section-height-default\" data-id=\"a9caec1\" data-element_type=\"section\" data-e-type=\"section\">\n\t\t\t\t\t\t<div class=\"elementor-container elementor-column-gap-default\">\n\t\t\t\t\t<div class=\"elementor-column elementor-col-100 elementor-top-column elementor-element elementor-element-aebaa27\" data-id=\"aebaa27\" data-element_type=\"column\" data-e-type=\"column\">\n\t\t\t<div class=\"elementor-widget-wrap elementor-element-populated\">\n\t\t\t\t\t\t<div class=\"elementor-element elementor-element-f639e57 elementor-widget elementor-widget-heading\" data-id=\"f639e57\" data-element_type=\"widget\" data-e-type=\"widget\" data-widget_type=\"heading.default\">\n\t\t\t\t<div class=\"elementor-widget-container\">\n\t\t\t\t\t<h2 class=\"elementor-heading-title elementor-size-default\">Wyst\u0105pienia publiczne<\/h2>\t\t\t\t<\/div>\n\t\t\t\t<\/div>\n\t\t\t\t\t<\/div>\n\t\t<\/div>\n\t\t\t\t\t<\/div>\n\t\t<\/section>\n\t\t\t\t<section class=\"elementor-section elementor-top-section elementor-element elementor-element-3b584d7 elementor-section-boxed elementor-section-height-default elementor-section-height-default\" data-id=\"3b584d7\" data-element_type=\"section\" data-e-type=\"section\">\n\t\t\t\t\t\t<div class=\"elementor-container elementor-column-gap-default\">\n\t\t\t\t\t<div class=\"elementor-column elementor-col-100 elementor-top-column elementor-element elementor-element-d9d9cd9\" data-id=\"d9d9cd9\" data-element_type=\"column\" data-e-type=\"column\">\n\t\t\t<div class=\"elementor-widget-wrap elementor-element-populated\">\n\t\t\t\t\t\t<div class=\"elementor-element elementor-element-2636de4 elementor-widget elementor-widget-video\" data-id=\"2636de4\" data-element_type=\"widget\" data-e-type=\"widget\" data-settings=\"{&quot;youtube_url&quot;:&quot;https:\\\/\\\/youtu.be\\\/wyopJLMBsDU&quot;,&quot;video_type&quot;:&quot;youtube&quot;,&quot;controls&quot;:&quot;yes&quot;}\" data-widget_type=\"video.default\">\n\t\t\t\t<div class=\"elementor-widget-container\">\n\t\t\t\t\t\t\t<div class=\"elementor-wrapper elementor-open-inline\">\n\t\t\t<div class=\"elementor-video\"><\/div>\t\t<\/div>\n\t\t\t\t\t\t<\/div>\n\t\t\t\t<\/div>\n\t\t\t\t<div class=\"elementor-element elementor-element-aff5f7c elementor-widget elementor-widget-video\" data-id=\"aff5f7c\" data-element_type=\"widget\" data-e-type=\"widget\" data-settings=\"{&quot;video_type&quot;:&quot;hosted&quot;,&quot;controls&quot;:&quot;yes&quot;}\" data-widget_type=\"video.default\">\n\t\t\t\t<div class=\"elementor-widget-container\">\n\t\t\t\t\t\t\t<div class=\"e-hosted-video elementor-wrapper elementor-open-inline\">\n\t\t\t\t\t<video class=\"elementor-video\" src=\"https:\/\/www.jacekjurkiewicz.pl\/wp-content\/uploads\/2024\/04\/5ooC5tKi.mp4\" controls=\"\" preload=\"metadata\" controlsList=\"nodownload\"><\/video>\n\t\t\t\t<\/div>\n\t\t\t\t\t\t<\/div>\n\t\t\t\t<\/div>\n\t\t\t\t\t<\/div>\n\t\t<\/div>\n\t\t\t\t\t<\/div>\n\t\t<\/section>\n\t\t\t\t<section class=\"elementor-section elementor-top-section elementor-element elementor-element-5664e3f elementor-section-boxed elementor-section-height-default elementor-section-height-default\" data-id=\"5664e3f\" data-element_type=\"section\" data-e-type=\"section\">\n\t\t\t\t\t\t<div class=\"elementor-container elementor-column-gap-default\">\n\t\t\t\t\t<div class=\"elementor-column elementor-col-100 elementor-top-column elementor-element elementor-element-213a21c\" data-id=\"213a21c\" data-element_type=\"column\" data-e-type=\"column\">\n\t\t\t<div class=\"elementor-widget-wrap elementor-element-populated\">\n\t\t\t\t\t\t<div class=\"elementor-element elementor-element-d51b5cc elementor-widget elementor-widget-text-editor\" data-id=\"d51b5cc\" data-element_type=\"widget\" data-e-type=\"widget\" data-widget_type=\"text-editor.default\">\n\t\t\t\t<div class=\"elementor-widget-container\">\n\t\t\t\t\t\t\t\t\t<p>Kampania wyborcza na prezydenta \u015awinouj\u015bcia w roku 2010.<\/p>\t\t\t\t\t\t\t\t<\/div>\n\t\t\t\t<\/div>\n\t\t\t\t\t<\/div>\n\t\t<\/div>\n\t\t\t\t\t<\/div>\n\t\t<\/section>\n\t\t\t\t<\/div>\n\t\t","protected":false},"excerpt":{"rendered":"<p>Wyst\u0105pienia publiczne https:\/\/youtu.be\/wyopJLMBsDUhttps:\/\/www.jacekjurkiewicz.pl\/wp-content\/uploads\/2024\/04\/5ooC5tKi.mp4 Kampania wyborcza na prezydenta \u015awinouj\u015bcia w roku 2010.<\/p>\n","protected":false},"author":1,"featured_media":0,"parent":0,"menu_order":0,"comment_status":"closed","ping_status":"closed","template":"","meta":{"neve_meta_sidebar":"","neve_meta_container":"","neve_meta_enable_content_width":"","neve_meta_content_width":0,"neve_meta_title_alignment":"","neve_meta_author_avatar":"","neve_post_elements_order":"","neve_meta_disable_header":"","neve_meta_disable_footer":"","neve_meta_disable_title":"","footnotes":""},"class_list":["post-99","page","type-page","status-publish","hentry"],"yoast_head":"<!-- This site is optimized with the Yoast SEO plugin v27.3 - https:\/\/yoast.com\/product\/yoast-seo-wordpress\/ -->\n<title>Multimedia -<\/title>\n<meta name=\"description\" content=\"Strona Jacka Jurkiewicza, kt\u00f3ry jest radnym miasta \u015awinouj\u015bcie od wielu kadencji Zapraszam do zapoznania si\u0119 z moj\u0105 aktywno\u015bci\u0105\" \/>\n<meta name=\"robots\" content=\"index, follow, max-snippet:-1, max-image-preview:large, max-video-preview:-1\" \/>\n<link rel=\"canonical\" href=\"https:\/\/www.jacekjurkiewicz.pl\/index.php\/multimedia-2\/\" \/>\n<meta property=\"og:locale\" content=\"pl_PL\" \/>\n<meta property=\"og:type\" content=\"article\" \/>\n<meta property=\"og:title\" content=\"Multimedia -\" \/>\n<meta property=\"og:description\" content=\"Strona Jacka Jurkiewicza, kt\u00f3ry jest radnym miasta \u015awinouj\u015bcie od wielu kadencji Zapraszam do zapoznania si\u0119 z moj\u0105 aktywno\u015bci\u0105\" \/>\n<meta property=\"og:url\" content=\"https:\/\/www.jacekjurkiewicz.pl\/index.php\/multimedia-2\/\" \/>\n<meta property=\"article:modified_time\" content=\"2024-04-03T21:58:49+00:00\" \/>\n<meta name=\"twitter:card\" content=\"summary_large_image\" \/>\n<meta name=\"twitter:label1\" content=\"Szacowany czas czytania\" \/>\n\t<meta name=\"twitter:data1\" content=\"1 minuta\" \/>\n<script type=\"application\/ld+json\" class=\"yoast-schema-graph\">{\"@context\":\"https:\\\/\\\/schema.org\",\"@graph\":[{\"@type\":\"WebPage\",\"@id\":\"https:\\\/\\\/www.jacekjurkiewicz.pl\\\/index.php\\\/multimedia-2\\\/\",\"url\":\"https:\\\/\\\/www.jacekjurkiewicz.pl\\\/index.php\\\/multimedia-2\\\/\",\"name\":\"Multimedia -\",\"isPartOf\":{\"@id\":\"https:\\\/\\\/www.jacekjurkiewicz.pl\\\/#website\"},\"datePublished\":\"2021-04-22T16:39:59+00:00\",\"dateModified\":\"2024-04-03T21:58:49+00:00\",\"description\":\"Strona Jacka Jurkiewicza, kt\u00f3ry jest radnym miasta \u015awinouj\u015bcie od wielu kadencji Zapraszam do zapoznania si\u0119 z moj\u0105 aktywno\u015bci\u0105\",\"breadcrumb\":{\"@id\":\"https:\\\/\\\/www.jacekjurkiewicz.pl\\\/index.php\\\/multimedia-2\\\/#breadcrumb\"},\"inLanguage\":\"pl-PL\",\"potentialAction\":[{\"@type\":\"ReadAction\",\"target\":[\"https:\\\/\\\/www.jacekjurkiewicz.pl\\\/index.php\\\/multimedia-2\\\/\"]}]},{\"@type\":\"BreadcrumbList\",\"@id\":\"https:\\\/\\\/www.jacekjurkiewicz.pl\\\/index.php\\\/multimedia-2\\\/#breadcrumb\",\"itemListElement\":[{\"@type\":\"ListItem\",\"position\":1,\"name\":\"Strona g\u0142\u00f3wna\",\"item\":\"https:\\\/\\\/www.jacekjurkiewicz.pl\\\/\"},{\"@type\":\"ListItem\",\"position\":2,\"name\":\"Multimedia\"}]},{\"@type\":\"WebSite\",\"@id\":\"https:\\\/\\\/www.jacekjurkiewicz.pl\\\/#website\",\"url\":\"https:\\\/\\\/www.jacekjurkiewicz.pl\\\/\",\"name\":\"\",\"description\":\"\",\"potentialAction\":[{\"@type\":\"SearchAction\",\"target\":{\"@type\":\"EntryPoint\",\"urlTemplate\":\"https:\\\/\\\/www.jacekjurkiewicz.pl\\\/?s={search_term_string}\"},\"query-input\":{\"@type\":\"PropertyValueSpecification\",\"valueRequired\":true,\"valueName\":\"search_term_string\"}}],\"inLanguage\":\"pl-PL\"}]}<\/script>\n<!-- \/ Yoast SEO plugin. -->","yoast_head_json":{"title":"Multimedia -","description":"Strona Jacka Jurkiewicza, kt\u00f3ry jest radnym miasta \u015awinouj\u015bcie od wielu kadencji Zapraszam do zapoznania si\u0119 z moj\u0105 aktywno\u015bci\u0105","robots":{"index":"index","follow":"follow","max-snippet":"max-snippet:-1","max-image-preview":"max-image-preview:large","max-video-preview":"max-video-preview:-1"},"canonical":"https:\/\/www.jacekjurkiewicz.pl\/index.php\/multimedia-2\/","og_locale":"pl_PL","og_type":"article","og_title":"Multimedia -","og_description":"Strona Jacka Jurkiewicza, kt\u00f3ry jest radnym miasta \u015awinouj\u015bcie od wielu kadencji Zapraszam do zapoznania si\u0119 z moj\u0105 aktywno\u015bci\u0105","og_url":"https:\/\/www.jacekjurkiewicz.pl\/index.php\/multimedia-2\/","article_modified_time":"2024-04-03T21:58:49+00:00","twitter_card":"summary_large_image","twitter_misc":{"Szacowany czas czytania":"1 minuta"},"schema":{"@context":"https:\/\/schema.org","@graph":[{"@type":"WebPage","@id":"https:\/\/www.jacekjurkiewicz.pl\/index.php\/multimedia-2\/","url":"https:\/\/www.jacekjurkiewicz.pl\/index.php\/multimedia-2\/","name":"Multimedia -","isPartOf":{"@id":"https:\/\/www.jacekjurkiewicz.pl\/#website"},"datePublished":"2021-04-22T16:39:59+00:00","dateModified":"2024-04-03T21:58:49+00:00","description":"Strona Jacka Jurkiewicza, kt\u00f3ry jest radnym miasta \u015awinouj\u015bcie od wielu kadencji Zapraszam do zapoznania si\u0119 z moj\u0105 aktywno\u015bci\u0105","breadcrumb":{"@id":"https:\/\/www.jacekjurkiewicz.pl\/index.php\/multimedia-2\/#breadcrumb"},"inLanguage":"pl-PL","potentialAction":[{"@type":"ReadAction","target":["https:\/\/www.jacekjurkiewicz.pl\/index.php\/multimedia-2\/"]}]},{"@type":"BreadcrumbList","@id":"https:\/\/www.jacekjurkiewicz.pl\/index.php\/multimedia-2\/#breadcrumb","itemListElement":[{"@type":"ListItem","position":1,"name":"Strona g\u0142\u00f3wna","item":"https:\/\/www.jacekjurkiewicz.pl\/"},{"@type":"ListItem","position":2,"name":"Multimedia"}]},{"@type":"WebSite","@id":"https:\/\/www.jacekjurkiewicz.pl\/#website","url":"https:\/\/www.jacekjurkiewicz.pl\/","name":"","description":"","potentialAction":[{"@type":"SearchAction","target":{"@type":"EntryPoint","urlTemplate":"https:\/\/www.jacekjurkiewicz.pl\/?s={search_term_string}"},"query-input":{"@type":"PropertyValueSpecification","valueRequired":true,"valueName":"search_term_string"}}],"inLanguage":"pl-PL"}]}},"_links":{"self":[{"href":"https:\/\/www.jacekjurkiewicz.pl\/index.php\/wp-json\/wp\/v2\/pages\/99","targetHints":{"allow":["GET"]}}],"collection":[{"href":"https:\/\/www.jacekjurkiewicz.pl\/index.php\/wp-json\/wp\/v2\/pages"}],"about":[{"href":"https:\/\/www.jacekjurkiewicz.pl\/index.php\/wp-json\/wp\/v2\/types\/page"}],"author":[{"embeddable":true,"href":"https:\/\/www.jacekjurkiewicz.pl\/index.php\/wp-json\/wp\/v2\/users\/1"}],"replies":[{"embeddable":true,"href":"https:\/\/www.jacekjurkiewicz.pl\/index.php\/wp-json\/wp\/v2\/comments?post=99"}],"version-history":[{"count":71,"href":"https:\/\/www.jacekjurkiewicz.pl\/index.php\/wp-json\/wp\/v2\/pages\/99\/revisions"}],"predecessor-version":[{"id":2041,"href":"https:\/\/www.jacekjurkiewicz.pl\/index.php\/wp-json\/wp\/v2\/pages\/99\/revisions\/2041"}],"wp:attachment":[{"href":"https:\/\/www.jacekjurkiewicz.pl\/index.php\/wp-json\/wp\/v2\/media?parent=99"}],"curies":[{"name":"wp","href":"https:\/\/api.w.org\/{rel}","templated":true}]}}