{"id":86,"date":"2021-04-22T15:11:57","date_gmt":"2021-04-22T15:11:57","guid":{"rendered":"https:\/\/www.jacekjurkiewicz.pl\/?page_id=86"},"modified":"2024-02-20T12:51:06","modified_gmt":"2024-02-20T12:51:06","slug":"o-mnie","status":"publish","type":"page","link":"https:\/\/www.jacekjurkiewicz.pl\/index.php\/o-mnie\/","title":{"rendered":"O mnie"},"content":{"rendered":"\t\t<div data-elementor-type=\"wp-page\" data-elementor-id=\"86\" class=\"elementor elementor-86\" data-elementor-post-type=\"page\">\n\t\t\t\t\t\t<section class=\"elementor-section elementor-top-section elementor-element elementor-element-7a1d48b elementor-section-boxed elementor-section-height-default elementor-section-height-default\" data-id=\"7a1d48b\" data-element_type=\"section\" data-e-type=\"section\">\n\t\t\t\t\t\t<div class=\"elementor-container elementor-column-gap-default\">\n\t\t\t\t\t<div class=\"elementor-column elementor-col-100 elementor-top-column elementor-element elementor-element-0654cde\" data-id=\"0654cde\" data-element_type=\"column\" data-e-type=\"column\">\n\t\t\t<div class=\"elementor-widget-wrap elementor-element-populated\">\n\t\t\t\t\t\t<div class=\"elementor-element elementor-element-88d3a9a elementor-widget elementor-widget-heading\" data-id=\"88d3a9a\" data-element_type=\"widget\" data-e-type=\"widget\" data-widget_type=\"heading.default\">\n\t\t\t\t<div class=\"elementor-widget-container\">\n\t\t\t\t\t<h2 class=\"elementor-heading-title elementor-size-default\">O mnie<\/h2>\t\t\t\t<\/div>\n\t\t\t\t<\/div>\n\t\t\t\t\t<\/div>\n\t\t<\/div>\n\t\t\t\t\t<\/div>\n\t\t<\/section>\n\t\t\t\t<section class=\"elementor-section elementor-top-section elementor-element elementor-element-5b3e16a elementor-section-full_width elementor-section-height-default elementor-section-height-default\" data-id=\"5b3e16a\" data-element_type=\"section\" data-e-type=\"section\">\n\t\t\t\t\t\t<div class=\"elementor-container elementor-column-gap-default\">\n\t\t\t\t\t<div class=\"elementor-column elementor-col-100 elementor-top-column elementor-element elementor-element-a78d45f\" data-id=\"a78d45f\" data-element_type=\"column\" data-e-type=\"column\">\n\t\t\t<div class=\"elementor-widget-wrap elementor-element-populated\">\n\t\t\t\t\t\t<section class=\"elementor-section elementor-inner-section elementor-element elementor-element-da414cc elementor-section-full_width elementor-section-height-default elementor-section-height-default\" data-id=\"da414cc\" data-element_type=\"section\" data-e-type=\"section\">\n\t\t\t\t\t\t<div class=\"elementor-container elementor-column-gap-default\">\n\t\t\t\t\t<div class=\"elementor-column elementor-col-50 elementor-inner-column elementor-element elementor-element-b7df1d7\" data-id=\"b7df1d7\" data-element_type=\"column\" data-e-type=\"column\">\n\t\t\t<div class=\"elementor-widget-wrap elementor-element-populated\">\n\t\t\t\t\t\t<div class=\"elementor-element elementor-element-df277d8 elementor-widget elementor-widget-image\" data-id=\"df277d8\" data-element_type=\"widget\" data-e-type=\"widget\" data-widget_type=\"image.default\">\n\t\t\t\t<div class=\"elementor-widget-container\">\n\t\t\t\t\t\t\t\t\t\t\t\t\t\t\t<img fetchpriority=\"high\" decoding=\"async\" width=\"768\" height=\"512\" src=\"https:\/\/www.jacekjurkiewicz.pl\/wp-content\/uploads\/2021\/04\/sesja013-Copy-1024x683-1-768x512.jpg\" class=\"attachment-medium_large size-medium_large wp-image-216\" alt=\"\" srcset=\"https:\/\/www.jacekjurkiewicz.pl\/wp-content\/uploads\/2021\/04\/sesja013-Copy-1024x683-1-768x512.jpg 768w, https:\/\/www.jacekjurkiewicz.pl\/wp-content\/uploads\/2021\/04\/sesja013-Copy-1024x683-1-300x200.jpg 300w, https:\/\/www.jacekjurkiewicz.pl\/wp-content\/uploads\/2021\/04\/sesja013-Copy-1024x683-1-930x620.jpg 930w, https:\/\/www.jacekjurkiewicz.pl\/wp-content\/uploads\/2021\/04\/sesja013-Copy-1024x683-1.jpg 1024w\" sizes=\"(max-width: 768px) 100vw, 768px\" \/>\t\t\t\t\t\t\t\t\t\t\t\t\t\t\t<\/div>\n\t\t\t\t<\/div>\n\t\t\t\t\t<\/div>\n\t\t<\/div>\n\t\t\t\t<div class=\"elementor-column elementor-col-50 elementor-inner-column elementor-element elementor-element-fb472e7\" data-id=\"fb472e7\" data-element_type=\"column\" data-e-type=\"column\">\n\t\t\t<div class=\"elementor-widget-wrap elementor-element-populated\">\n\t\t\t\t\t\t<div class=\"elementor-element elementor-element-bedf222 elementor-widget elementor-widget-text-editor\" data-id=\"bedf222\" data-element_type=\"widget\" data-e-type=\"widget\" data-widget_type=\"text-editor.default\">\n\t\t\t\t<div class=\"elementor-widget-container\">\n\t\t\t\t\t\t\t\t\t<p>Wieloletni cz\u0142onek\u00a0 zwi\u0105zku zawodowego NZSS Solidarno\u015b\u0107 80.<\/p><p>Od 2011 Radny Miasta \u015awinouj\u015bcie. W obecnej kadencji Wiceprzewodnicz\u0105cy Rady Miasta \u015awinouj\u015bcie oraz Komisji Gospodarki i Bud\u017cetu Rady Miasta i Komisji Zdrowia i Spraw Spo\u0142ecznych.<\/p><p>Od 2015 jest cz\u0142onkiem Rady Spo\u0142ecznej Samodzielnego Publicznego Zak\u0142adu Piel\u0119gnacyjno-Opieku\u0144czego w \u015awinouj\u015bciu i cz\u0142onek Spo\u0142ecznej Komisji Mieszkaniowej w \u015awinouj\u015bciu.<\/p><p>Przewodnicz\u0105cy Mi\u0119dzyzak\u0142adowej Organizacji Zwi\u0105zkowej NSZZ Solidarno\u015b\u0107 80 przy OT Port \u015awinouj\u015bcie.<\/p><p>W wyborach samorz\u0105dowych 2010 kandydat Prawa i Sprawiedliwo\u015bci na prezydenta \u015awinouj\u015bcia.<\/p><div class=\"ni8dbmo4 stjgntxs g5ia77u1 ii04i59q j83agx80 cbu4d94t ll8tlv6m\" data-testid=\"messenger_incoming_text_row\"><div class=\"l60d2q6s d1544ag0 sj5x9vvc tw6a2znq l9j0dhe7 ni8dbmo4 stjgntxs qlfml3jp inkptoze e72ty7fz qmr60zad jm1wdb64 qv66sw1b ljqsnud1 g6srhlxm odn2s2vf\"><div class=\"oo9gr5id\" dir=\"auto\">W Radzie Miasta zajmuje si\u0119 wszystkimi sprawami dotycz\u0105cymi funkcjonowania miasta oraz popraw\u0105 jako\u015bci \u017cycia mieszka\u0144c\u00f3w. Od pocz\u0105tku swojej dzia\u0142alno\u015bci w RM by\u0142 cz\u0142onkiem wszystkich komisji poznaj\u0105c dog\u0142\u0119bnie mechanizmy i problemy wielu sfer \u017cycia miasta.<\/div><div dir=\"auto\">\u00a0<\/div><div class=\"oo9gr5id\" dir=\"auto\"><div class=\"ni8dbmo4 stjgntxs g5ia77u1 ii04i59q j83agx80 cbu4d94t ll8tlv6m\" data-testid=\"messenger_incoming_text_row\"><div class=\"l60d2q6s d1544ag0 sj5x9vvc tw6a2znq l9j0dhe7 ni8dbmo4 stjgntxs qlfml3jp inkptoze e72ty7fz qmr60zad jm1wdb64 qv66sw1b ljqsnud1 g6srhlxm odn2s2vf\"><div class=\"oo9gr5id\" dir=\"auto\">Aktywnie uczestniczy\u0142 i uczestniczy r\u00f3wnie\u017c jako cz\u0142onek w wielu komisjach dora\u017anych i zespo\u0142ach jako przedstawiciel RM, np. zespole ds. wypracowania programu naprawczego SP ZOZ Szpitala Miejskiego im Jana Gardu\u0142y w \u015awinouj\u015bciu, Komisji Dora\u017anej dotycz\u0105cej Raportu o Stanie Miasta, czy najnowszym wyzwaniu, praca w Komisji Dora\u017anej dotycz\u0105cej gospodarki odpadami , oraz Zwi\u0105zku Celowego R-XXI.S<\/div><\/div><\/div><\/div><div dir=\"auto\">\u00a0<\/div><div dir=\"auto\"><div class=\"ni8dbmo4 stjgntxs g5ia77u1 ii04i59q j83agx80 cbu4d94t ll8tlv6m\" data-testid=\"messenger_incoming_text_row\"><div class=\"l60d2q6s d1544ag0 sj5x9vvc tw6a2znq l9j0dhe7 ni8dbmo4 stjgntxs qlfml3jp inkptoze e72ty7fz qmr60zad jm1wdb64 qv66sw1b ljqsnud1 g6srhlxm odn2s2vf\"><div class=\"oo9gr5id\" dir=\"auto\">Sprawy kt\u00f3rym po\u015bwi\u0119ca najwi\u0119cej czasu, i kt\u00f3re s\u0105 mu najbli\u017csze to sprawy spo\u0142eczne, szczeg\u00f3lnie ochrony zdrowia i \u017cycia, ale tak\u017ce gospodarki mieszkaniowej, gdzie jako przedstawiciel RM zasiada w Spo\u0142ecznej Komisji Mieszkaniowej, gdzie od lat dzia\u0142a na rzecz mieszka\u0144c\u00f3w w tej trudnej sferze.<\/div><\/div><\/div><\/div><div dir=\"auto\">\u00a0<\/div><div dir=\"auto\"><p>W m\u0142odo\u015bci zdobywca wielu medali w biegach d\u0142ugodystansowych, w tym maraton\u00f3w. Obecnie uprawia amatorsko jazd\u0119 na rowerze.<\/p><p>Fan ksi\u0105\u017cek o tematyce Historii ko\u015bcio\u0142a katolickiego. Uwielbia d\u0142ugie w\u0119dr\u00f3wki. Zapalony kibic Floty \u015awinouj\u015bcie.<\/p><p>Absolwent politologii na Uniwersytecie Szczeci\u0144skim i studi\u00f3w podyplomowych Prawo Administracyjne i Samorz\u0105dowe. Od kilkudziesi\u0119ciu lat zwi\u0105zany z gospodark\u0105 morsk\u0105.<\/p><\/div><\/div><\/div>\t\t\t\t\t\t\t\t<\/div>\n\t\t\t\t<\/div>\n\t\t\t\t\t<\/div>\n\t\t<\/div>\n\t\t\t\t\t<\/div>\n\t\t<\/section>\n\t\t\t\t\t<\/div>\n\t\t<\/div>\n\t\t\t\t\t<\/div>\n\t\t<\/section>\n\t\t\t\t<section class=\"elementor-section elementor-top-section elementor-element elementor-element-ee8b5c4 elementor-section-boxed elementor-section-height-default elementor-section-height-default\" data-id=\"ee8b5c4\" data-element_type=\"section\" data-e-type=\"section\">\n\t\t\t\t\t\t<div class=\"elementor-container elementor-column-gap-default\">\n\t\t\t\t\t<div class=\"elementor-column elementor-col-100 elementor-top-column elementor-element elementor-element-95da92f\" data-id=\"95da92f\" data-element_type=\"column\" data-e-type=\"column\">\n\t\t\t<div class=\"elementor-widget-wrap elementor-element-populated\">\n\t\t\t\t\t\t<div class=\"elementor-element elementor-element-1d7d5a7 elementor-widget elementor-widget-spacer\" data-id=\"1d7d5a7\" data-element_type=\"widget\" data-e-type=\"widget\" data-widget_type=\"spacer.default\">\n\t\t\t\t<div class=\"elementor-widget-container\">\n\t\t\t\t\t\t\t<div class=\"elementor-spacer\">\n\t\t\t<div class=\"elementor-spacer-inner\"><\/div>\n\t\t<\/div>\n\t\t\t\t\t\t<\/div>\n\t\t\t\t<\/div>\n\t\t\t\t\t<\/div>\n\t\t<\/div>\n\t\t\t\t\t<\/div>\n\t\t<\/section>\n\t\t\t\t<section class=\"elementor-section elementor-top-section elementor-element elementor-element-dc053cb elementor-section-boxed elementor-section-height-default elementor-section-height-default\" data-id=\"dc053cb\" data-element_type=\"section\" data-e-type=\"section\">\n\t\t\t\t\t\t<div class=\"elementor-container elementor-column-gap-default\">\n\t\t\t\t\t<div class=\"elementor-column elementor-col-50 elementor-top-column elementor-element elementor-element-a03c7d6\" data-id=\"a03c7d6\" data-element_type=\"column\" data-e-type=\"column\">\n\t\t\t<div class=\"elementor-widget-wrap elementor-element-populated\">\n\t\t\t\t\t\t<div class=\"elementor-element elementor-element-f036384 elementor-align-center elementor-widget elementor-widget-button\" data-id=\"f036384\" data-element_type=\"widget\" data-e-type=\"widget\" data-widget_type=\"button.default\">\n\t\t\t\t<div class=\"elementor-widget-container\">\n\t\t\t\t\t\t\t\t\t<div class=\"elementor-button-wrapper\">\n\t\t\t\t\t<a class=\"elementor-button elementor-button-link elementor-size-sm\" href=\"http:\/\/bip.um.swinoujscie.pl\/oswiadczenie-majatkowe\/24423\/jurkiewicz-jacek\" target=\"_blank\" rel=\"nofollow\">\n\t\t\t\t\t\t<span class=\"elementor-button-content-wrapper\">\n\t\t\t\t\t\t\t\t\t<span class=\"elementor-button-text\">O\u015bwiadczenia Maj\u0105tkowe<\/span>\n\t\t\t\t\t<\/span>\n\t\t\t\t\t<\/a>\n\t\t\t\t<\/div>\n\t\t\t\t\t\t\t\t<\/div>\n\t\t\t\t<\/div>\n\t\t\t\t\t<\/div>\n\t\t<\/div>\n\t\t\t\t<div class=\"elementor-column elementor-col-50 elementor-top-column elementor-element elementor-element-691cb49\" data-id=\"691cb49\" data-element_type=\"column\" data-e-type=\"column\">\n\t\t\t<div class=\"elementor-widget-wrap elementor-element-populated\">\n\t\t\t\t\t\t<div class=\"elementor-element elementor-element-9e7cde4 elementor-align-center elementor-widget elementor-widget-button\" data-id=\"9e7cde4\" data-element_type=\"widget\" data-e-type=\"widget\" data-widget_type=\"button.default\">\n\t\t\t\t<div class=\"elementor-widget-container\">\n\t\t\t\t\t\t\t\t\t<div class=\"elementor-button-wrapper\">\n\t\t\t\t\t<a class=\"elementor-button elementor-button-link elementor-size-sm\" href=\"http:\/\/bip.um.swinoujscie.pl\/interpelacje\/szukaj?keyword=&#038;type_id=-1&#038;number=&#038;regarding=&#038;councillor=Jacek+Jurkiewicz&#038;term_id=-1\" target=\"_blank\" rel=\"nofollow\">\n\t\t\t\t\t\t<span class=\"elementor-button-content-wrapper\">\n\t\t\t\t\t\t\t\t\t<span class=\"elementor-button-text\">Interpelacje<\/span>\n\t\t\t\t\t<\/span>\n\t\t\t\t\t<\/a>\n\t\t\t\t<\/div>\n\t\t\t\t\t\t\t\t<\/div>\n\t\t\t\t<\/div>\n\t\t\t\t\t<\/div>\n\t\t<\/div>\n\t\t\t\t\t<\/div>\n\t\t<\/section>\n\t\t\t\t<section class=\"elementor-section elementor-top-section elementor-element elementor-element-64533b1 elementor-section-boxed elementor-section-height-default elementor-section-height-default\" data-id=\"64533b1\" data-element_type=\"section\" data-e-type=\"section\">\n\t\t\t\t\t\t<div class=\"elementor-container elementor-column-gap-default\">\n\t\t\t\t\t<div class=\"elementor-column elementor-col-100 elementor-top-column elementor-element elementor-element-a8e4676\" data-id=\"a8e4676\" data-element_type=\"column\" data-e-type=\"column\">\n\t\t\t<div class=\"elementor-widget-wrap elementor-element-populated\">\n\t\t\t\t\t\t<div class=\"elementor-element elementor-element-c9bc251 elementor-widget elementor-widget-spacer\" data-id=\"c9bc251\" data-element_type=\"widget\" data-e-type=\"widget\" data-widget_type=\"spacer.default\">\n\t\t\t\t<div class=\"elementor-widget-container\">\n\t\t\t\t\t\t\t<div class=\"elementor-spacer\">\n\t\t\t<div class=\"elementor-spacer-inner\"><\/div>\n\t\t<\/div>\n\t\t\t\t\t\t<\/div>\n\t\t\t\t<\/div>\n\t\t\t\t\t<\/div>\n\t\t<\/div>\n\t\t\t\t\t<\/div>\n\t\t<\/section>\n\t\t\t\t<\/div>\n\t\t","protected":false},"excerpt":{"rendered":"<p>O mnie Wieloletni cz\u0142onek\u00a0 zwi\u0105zku zawodowego NZSS Solidarno\u015b\u0107 80. Od 2011 Radny Miasta \u015awinouj\u015bcie. W obecnej kadencji Wiceprzewodnicz\u0105cy Rady Miasta \u015awinouj\u015bcie oraz Komisji Gospodarki i Bud\u017cetu Rady Miasta i Komisji Zdrowia i Spraw Spo\u0142ecznych. Od 2015 jest cz\u0142onkiem Rady Spo\u0142ecznej Samodzielnego Publicznego Zak\u0142adu Piel\u0119gnacyjno-Opieku\u0144czego w \u015awinouj\u015bciu i cz\u0142onek Spo\u0142ecznej Komisji Mieszkaniowej w \u015awinouj\u015bciu. Przewodnicz\u0105cy Mi\u0119dzyzak\u0142adowej&hellip;&nbsp;<a href=\"https:\/\/www.jacekjurkiewicz.pl\/index.php\/o-mnie\/\" rel=\"bookmark\">Dowiedz si\u0119 wi\u0119cej &raquo;<span class=\"screen-reader-text\">O mnie<\/span><\/a><\/p>\n","protected":false},"author":1,"featured_media":0,"parent":0,"menu_order":0,"comment_status":"closed","ping_status":"closed","template":"page-templates\/template-pagebuilder-full-width.php","meta":{"neve_meta_sidebar":"","neve_meta_container":"","neve_meta_enable_content_width":"","neve_meta_content_width":0,"neve_meta_title_alignment":"","neve_meta_author_avatar":"","neve_post_elements_order":"","neve_meta_disable_header":"","neve_meta_disable_footer":"","neve_meta_disable_title":"","footnotes":""},"class_list":["post-86","page","type-page","status-publish","hentry"],"yoast_head":"<!-- This site is optimized with the Yoast SEO plugin v27.3 - https:\/\/yoast.com\/product\/yoast-seo-wordpress\/ -->\n<title>O mnie -<\/title>\n<meta name=\"description\" content=\"Strona Jacka Jurkiewicza, kt\u00f3ry jest radnym miasta \u015awinouj\u015bcia od wielu kadencji Zapraszam do zapoznania si\u0119 z moj\u0105 aktywno\u015bci\u0105.\" \/>\n<meta name=\"robots\" content=\"index, follow, max-snippet:-1, max-image-preview:large, max-video-preview:-1\" \/>\n<link rel=\"canonical\" href=\"https:\/\/www.jacekjurkiewicz.pl\/index.php\/o-mnie\/\" \/>\n<meta property=\"og:locale\" content=\"pl_PL\" \/>\n<meta property=\"og:type\" content=\"article\" \/>\n<meta property=\"og:title\" content=\"O mnie -\" \/>\n<meta property=\"og:description\" content=\"Strona Jacka Jurkiewicza, kt\u00f3ry jest radnym miasta \u015awinouj\u015bcia od wielu kadencji Zapraszam do zapoznania si\u0119 z moj\u0105 aktywno\u015bci\u0105.\" \/>\n<meta property=\"og:url\" content=\"https:\/\/www.jacekjurkiewicz.pl\/index.php\/o-mnie\/\" \/>\n<meta property=\"article:modified_time\" content=\"2024-02-20T12:51:06+00:00\" \/>\n<meta property=\"og:image\" content=\"https:\/\/www.jacekjurkiewicz.pl\/wp-content\/uploads\/2021\/04\/sesja013-Copy-1024x683-1-768x512.jpg\" \/>\n<meta name=\"twitter:card\" content=\"summary_large_image\" \/>\n<meta name=\"twitter:label1\" content=\"Szacowany czas czytania\" \/>\n\t<meta name=\"twitter:data1\" content=\"2 minuty\" \/>\n<script type=\"application\/ld+json\" class=\"yoast-schema-graph\">{\"@context\":\"https:\\\/\\\/schema.org\",\"@graph\":[{\"@type\":\"WebPage\",\"@id\":\"https:\\\/\\\/www.jacekjurkiewicz.pl\\\/index.php\\\/o-mnie\\\/\",\"url\":\"https:\\\/\\\/www.jacekjurkiewicz.pl\\\/index.php\\\/o-mnie\\\/\",\"name\":\"O mnie -\",\"isPartOf\":{\"@id\":\"https:\\\/\\\/www.jacekjurkiewicz.pl\\\/#website\"},\"primaryImageOfPage\":{\"@id\":\"https:\\\/\\\/www.jacekjurkiewicz.pl\\\/index.php\\\/o-mnie\\\/#primaryimage\"},\"image\":{\"@id\":\"https:\\\/\\\/www.jacekjurkiewicz.pl\\\/index.php\\\/o-mnie\\\/#primaryimage\"},\"thumbnailUrl\":\"https:\\\/\\\/www.jacekjurkiewicz.pl\\\/wp-content\\\/uploads\\\/2021\\\/04\\\/sesja013-Copy-1024x683-1-768x512.jpg\",\"datePublished\":\"2021-04-22T15:11:57+00:00\",\"dateModified\":\"2024-02-20T12:51:06+00:00\",\"description\":\"Strona Jacka Jurkiewicza, kt\u00f3ry jest radnym miasta \u015awinouj\u015bcia od wielu kadencji Zapraszam do zapoznania si\u0119 z moj\u0105 aktywno\u015bci\u0105.\",\"breadcrumb\":{\"@id\":\"https:\\\/\\\/www.jacekjurkiewicz.pl\\\/index.php\\\/o-mnie\\\/#breadcrumb\"},\"inLanguage\":\"pl-PL\",\"potentialAction\":[{\"@type\":\"ReadAction\",\"target\":[\"https:\\\/\\\/www.jacekjurkiewicz.pl\\\/index.php\\\/o-mnie\\\/\"]}]},{\"@type\":\"ImageObject\",\"inLanguage\":\"pl-PL\",\"@id\":\"https:\\\/\\\/www.jacekjurkiewicz.pl\\\/index.php\\\/o-mnie\\\/#primaryimage\",\"url\":\"https:\\\/\\\/www.jacekjurkiewicz.pl\\\/wp-content\\\/uploads\\\/2021\\\/04\\\/sesja013-Copy-1024x683-1.jpg\",\"contentUrl\":\"https:\\\/\\\/www.jacekjurkiewicz.pl\\\/wp-content\\\/uploads\\\/2021\\\/04\\\/sesja013-Copy-1024x683-1.jpg\",\"width\":1024,\"height\":683},{\"@type\":\"BreadcrumbList\",\"@id\":\"https:\\\/\\\/www.jacekjurkiewicz.pl\\\/index.php\\\/o-mnie\\\/#breadcrumb\",\"itemListElement\":[{\"@type\":\"ListItem\",\"position\":1,\"name\":\"Strona g\u0142\u00f3wna\",\"item\":\"https:\\\/\\\/www.jacekjurkiewicz.pl\\\/\"},{\"@type\":\"ListItem\",\"position\":2,\"name\":\"O mnie\"}]},{\"@type\":\"WebSite\",\"@id\":\"https:\\\/\\\/www.jacekjurkiewicz.pl\\\/#website\",\"url\":\"https:\\\/\\\/www.jacekjurkiewicz.pl\\\/\",\"name\":\"\",\"description\":\"\",\"potentialAction\":[{\"@type\":\"SearchAction\",\"target\":{\"@type\":\"EntryPoint\",\"urlTemplate\":\"https:\\\/\\\/www.jacekjurkiewicz.pl\\\/?s={search_term_string}\"},\"query-input\":{\"@type\":\"PropertyValueSpecification\",\"valueRequired\":true,\"valueName\":\"search_term_string\"}}],\"inLanguage\":\"pl-PL\"}]}<\/script>\n<!-- \/ Yoast SEO plugin. -->","yoast_head_json":{"title":"O mnie -","description":"Strona Jacka Jurkiewicza, kt\u00f3ry jest radnym miasta \u015awinouj\u015bcia od wielu kadencji Zapraszam do zapoznania si\u0119 z moj\u0105 aktywno\u015bci\u0105.","robots":{"index":"index","follow":"follow","max-snippet":"max-snippet:-1","max-image-preview":"max-image-preview:large","max-video-preview":"max-video-preview:-1"},"canonical":"https:\/\/www.jacekjurkiewicz.pl\/index.php\/o-mnie\/","og_locale":"pl_PL","og_type":"article","og_title":"O mnie -","og_description":"Strona Jacka Jurkiewicza, kt\u00f3ry jest radnym miasta \u015awinouj\u015bcia od wielu kadencji Zapraszam do zapoznania si\u0119 z moj\u0105 aktywno\u015bci\u0105.","og_url":"https:\/\/www.jacekjurkiewicz.pl\/index.php\/o-mnie\/","article_modified_time":"2024-02-20T12:51:06+00:00","og_image":[{"url":"https:\/\/www.jacekjurkiewicz.pl\/wp-content\/uploads\/2021\/04\/sesja013-Copy-1024x683-1-768x512.jpg","type":"","width":"","height":""}],"twitter_card":"summary_large_image","twitter_misc":{"Szacowany czas czytania":"2 minuty"},"schema":{"@context":"https:\/\/schema.org","@graph":[{"@type":"WebPage","@id":"https:\/\/www.jacekjurkiewicz.pl\/index.php\/o-mnie\/","url":"https:\/\/www.jacekjurkiewicz.pl\/index.php\/o-mnie\/","name":"O mnie -","isPartOf":{"@id":"https:\/\/www.jacekjurkiewicz.pl\/#website"},"primaryImageOfPage":{"@id":"https:\/\/www.jacekjurkiewicz.pl\/index.php\/o-mnie\/#primaryimage"},"image":{"@id":"https:\/\/www.jacekjurkiewicz.pl\/index.php\/o-mnie\/#primaryimage"},"thumbnailUrl":"https:\/\/www.jacekjurkiewicz.pl\/wp-content\/uploads\/2021\/04\/sesja013-Copy-1024x683-1-768x512.jpg","datePublished":"2021-04-22T15:11:57+00:00","dateModified":"2024-02-20T12:51:06+00:00","description":"Strona Jacka Jurkiewicza, kt\u00f3ry jest radnym miasta \u015awinouj\u015bcia od wielu kadencji Zapraszam do zapoznania si\u0119 z moj\u0105 aktywno\u015bci\u0105.","breadcrumb":{"@id":"https:\/\/www.jacekjurkiewicz.pl\/index.php\/o-mnie\/#breadcrumb"},"inLanguage":"pl-PL","potentialAction":[{"@type":"ReadAction","target":["https:\/\/www.jacekjurkiewicz.pl\/index.php\/o-mnie\/"]}]},{"@type":"ImageObject","inLanguage":"pl-PL","@id":"https:\/\/www.jacekjurkiewicz.pl\/index.php\/o-mnie\/#primaryimage","url":"https:\/\/www.jacekjurkiewicz.pl\/wp-content\/uploads\/2021\/04\/sesja013-Copy-1024x683-1.jpg","contentUrl":"https:\/\/www.jacekjurkiewicz.pl\/wp-content\/uploads\/2021\/04\/sesja013-Copy-1024x683-1.jpg","width":1024,"height":683},{"@type":"BreadcrumbList","@id":"https:\/\/www.jacekjurkiewicz.pl\/index.php\/o-mnie\/#breadcrumb","itemListElement":[{"@type":"ListItem","position":1,"name":"Strona g\u0142\u00f3wna","item":"https:\/\/www.jacekjurkiewicz.pl\/"},{"@type":"ListItem","position":2,"name":"O mnie"}]},{"@type":"WebSite","@id":"https:\/\/www.jacekjurkiewicz.pl\/#website","url":"https:\/\/www.jacekjurkiewicz.pl\/","name":"","description":"","potentialAction":[{"@type":"SearchAction","target":{"@type":"EntryPoint","urlTemplate":"https:\/\/www.jacekjurkiewicz.pl\/?s={search_term_string}"},"query-input":{"@type":"PropertyValueSpecification","valueRequired":true,"valueName":"search_term_string"}}],"inLanguage":"pl-PL"}]}},"_links":{"self":[{"href":"https:\/\/www.jacekjurkiewicz.pl\/index.php\/wp-json\/wp\/v2\/pages\/86","targetHints":{"allow":["GET"]}}],"collection":[{"href":"https:\/\/www.jacekjurkiewicz.pl\/index.php\/wp-json\/wp\/v2\/pages"}],"about":[{"href":"https:\/\/www.jacekjurkiewicz.pl\/index.php\/wp-json\/wp\/v2\/types\/page"}],"author":[{"embeddable":true,"href":"https:\/\/www.jacekjurkiewicz.pl\/index.php\/wp-json\/wp\/v2\/users\/1"}],"replies":[{"embeddable":true,"href":"https:\/\/www.jacekjurkiewicz.pl\/index.php\/wp-json\/wp\/v2\/comments?post=86"}],"version-history":[{"count":99,"href":"https:\/\/www.jacekjurkiewicz.pl\/index.php\/wp-json\/wp\/v2\/pages\/86\/revisions"}],"predecessor-version":[{"id":2012,"href":"https:\/\/www.jacekjurkiewicz.pl\/index.php\/wp-json\/wp\/v2\/pages\/86\/revisions\/2012"}],"wp:attachment":[{"href":"https:\/\/www.jacekjurkiewicz.pl\/index.php\/wp-json\/wp\/v2\/media?parent=86"}],"curies":[{"name":"wp","href":"https:\/\/api.w.org\/{rel}","templated":true}]}}