{"id":1955,"date":"2024-02-15T15:56:17","date_gmt":"2024-02-15T15:56:17","guid":{"rendered":"https:\/\/www.jacekjurkiewicz.pl\/?page_id=1955"},"modified":"2024-03-11T12:58:19","modified_gmt":"2024-03-11T12:58:19","slug":"wybory-2024","status":"publish","type":"page","link":"https:\/\/www.jacekjurkiewicz.pl\/index.php\/wybory-2024\/","title":{"rendered":"Wybory 2024"},"content":{"rendered":"\t\t<div data-elementor-type=\"wp-page\" data-elementor-id=\"1955\" class=\"elementor elementor-1955\" data-elementor-post-type=\"page\">\n\t\t\t\t\t\t<section class=\"elementor-section elementor-top-section elementor-element elementor-element-78f0be6 elementor-section-boxed elementor-section-height-default elementor-section-height-default\" data-id=\"78f0be6\" data-element_type=\"section\" data-e-type=\"section\">\n\t\t\t\t\t\t<div class=\"elementor-container elementor-column-gap-default\">\n\t\t\t\t\t<div class=\"elementor-column elementor-col-100 elementor-top-column elementor-element elementor-element-761ea3a\" data-id=\"761ea3a\" data-element_type=\"column\" data-e-type=\"column\">\n\t\t\t<div class=\"elementor-widget-wrap elementor-element-populated\">\n\t\t\t\t\t\t<div class=\"elementor-element elementor-element-c23b523 elementor-widget elementor-widget-image\" data-id=\"c23b523\" data-element_type=\"widget\" data-e-type=\"widget\" data-widget_type=\"image.default\">\n\t\t\t\t<div class=\"elementor-widget-container\">\n\t\t\t\t\t\t\t\t\t\t\t\t\t\t\t<img fetchpriority=\"high\" decoding=\"async\" width=\"1024\" height=\"534\" src=\"https:\/\/www.jacekjurkiewicz.pl\/wp-content\/uploads\/2024\/02\/423174438_122103310700197542_6561239002822385400_n-1024x534.jpeg\" class=\"attachment-large size-large wp-image-1929\" alt=\"\" srcset=\"https:\/\/www.jacekjurkiewicz.pl\/wp-content\/uploads\/2024\/02\/423174438_122103310700197542_6561239002822385400_n-1024x534.jpeg 1024w, https:\/\/www.jacekjurkiewicz.pl\/wp-content\/uploads\/2024\/02\/423174438_122103310700197542_6561239002822385400_n-300x157.jpeg 300w, https:\/\/www.jacekjurkiewicz.pl\/wp-content\/uploads\/2024\/02\/423174438_122103310700197542_6561239002822385400_n-768x401.jpeg 768w, https:\/\/www.jacekjurkiewicz.pl\/wp-content\/uploads\/2024\/02\/423174438_122103310700197542_6561239002822385400_n-1536x802.jpeg 1536w, https:\/\/www.jacekjurkiewicz.pl\/wp-content\/uploads\/2024\/02\/423174438_122103310700197542_6561239002822385400_n.jpeg 1640w\" sizes=\"(max-width: 1024px) 100vw, 1024px\" \/>\t\t\t\t\t\t\t\t\t\t\t\t\t\t\t<\/div>\n\t\t\t\t<\/div>\n\t\t\t\t\t<\/div>\n\t\t<\/div>\n\t\t\t\t\t<\/div>\n\t\t<\/section>\n\t\t\t\t<section class=\"elementor-section elementor-top-section elementor-element elementor-element-592edbe elementor-section-boxed elementor-section-height-default elementor-section-height-default\" data-id=\"592edbe\" data-element_type=\"section\" data-e-type=\"section\">\n\t\t\t\t\t\t<div class=\"elementor-container elementor-column-gap-default\">\n\t\t\t\t\t<div class=\"elementor-column elementor-col-100 elementor-top-column elementor-element elementor-element-6d682a3\" data-id=\"6d682a3\" data-element_type=\"column\" data-e-type=\"column\">\n\t\t\t<div class=\"elementor-widget-wrap elementor-element-populated\">\n\t\t\t\t\t\t<div class=\"elementor-element elementor-element-992d94b elementor-widget elementor-widget-heading\" data-id=\"992d94b\" data-element_type=\"widget\" data-e-type=\"widget\" data-widget_type=\"heading.default\">\n\t\t\t\t<div class=\"elementor-widget-container\">\n\t\t\t\t\t<h2 class=\"elementor-heading-title elementor-size-default\">Program<\/h2>\t\t\t\t<\/div>\n\t\t\t\t<\/div>\n\t\t\t\t<div class=\"elementor-element elementor-element-f629ac1 elementor-widget elementor-widget-text-editor\" data-id=\"f629ac1\" data-element_type=\"widget\" data-e-type=\"widget\" data-widget_type=\"text-editor.default\">\n\t\t\t\t<div class=\"elementor-widget-container\">\n\t\t\t\t\t\t\t\t\t<ol><li>Rozbudowa szko\u0142y w dzielnicy Przyt\u00f3r-\u0141unowo\u00a0oraz punktu przedszkolnego w Karsiborze;<\/li><li>Kanalizacja wyspy Karsib\u00f3r;<\/li><li>Otwarcie ulicy Ku Morzu oraz zapewnienie dost\u0119pu do pla\u017cy i\u00a0zabytk\u00f3w na Prawobrze\u017cu;<\/li><li>Waloryzacja Bonu Seniora do kwoty 500 z\u0142;<\/li><li>Budowa hali widowiskowo-sportowej;<\/li><li>Regionalne Centrum Spotka\u0144 m\u0142odzie\u017cy i senior\u00f3w;<\/li><li>Rozbudowa o\u015brodka przy ul. Basztowej na rzecz Os\u00f3b\u00a0z\u00a0Niepe\u0142nosprawno\u015bci\u0105;<\/li><li>Modernizacja Mariny im. Jerzego Por\u0119bskiego wraz z\u00a0zapleczem Basenu P\u00f3\u0142nocnego oraz utworzenie Terminalu Kultury i Historii;<\/li><li>Przebudowa Sali Teatralnej Miejskiego\u00a0Domu Kultury;<\/li><li>Zwi\u0119kszenie nak\u0142ad\u00f3w na kultur\u0119, sport i rekreacj\u0119 oraz dzia\u0142ania spo\u0142eczne na terenie miasta;<\/li><li>Budowa molo;<\/li><li>Rozbudowa Szpitala i Zak\u0142adu Opieki D\u0142ugoterminowej;<\/li><li>Rozszerzenie profili szkolnictwa zawodowego;<\/li><li>400 mieszka\u0144 \u2013 pozyskanie teren\u00f3w oraz budowa mieszka\u0144 komunalnych i\u00a0budownictwa jednorodzinnego;<\/li><li>Przeniesienie Przedsi\u0119biorstwa Energetyki Cieplnej do nowej lokalizacji;<\/li><li>Modernizacja infrastruktury i poprawa warunk\u00f3w handlu przygranicznego;<\/li><li>Usprawnienie Komunikacji Autobusowej w spos\u00f3b przyjazny Mieszka\u0144com;<\/li><li>Modernizacja infrastruktury miejskiej m.in. zapewnienie wody pitnej dla miasta.<\/li><li>Zwi\u0119kszenie przywilej\u00f3w dla mieszka\u0144c\u00f3w z Kart\u0105 Wyspiarza i Kart\u0105 Wyspiarza Seniora.<\/li><li>Zwi\u0119kszenie nak\u0142ad\u00f3w na bie\u017c\u0105ce utrzymanie miasta;<\/li><li>Melioracja ogrod\u00f3w dzia\u0142kowych oraz prawobrze\u017cnych dzielnic miasta;<\/li><\/ol>\t\t\t\t\t\t\t\t<\/div>\n\t\t\t\t<\/div>\n\t\t\t\t\t<\/div>\n\t\t<\/div>\n\t\t\t\t\t<\/div>\n\t\t<\/section>\n\t\t\t\t<section class=\"elementor-section elementor-top-section elementor-element elementor-element-c566e2b elementor-section-boxed elementor-section-height-default elementor-section-height-default\" data-id=\"c566e2b\" data-element_type=\"section\" data-e-type=\"section\">\n\t\t\t\t\t\t<div class=\"elementor-container elementor-column-gap-default\">\n\t\t\t\t\t<div class=\"elementor-column elementor-col-100 elementor-top-column elementor-element elementor-element-2385bfd\" data-id=\"2385bfd\" data-element_type=\"column\" data-e-type=\"column\">\n\t\t\t<div class=\"elementor-widget-wrap\">\n\t\t\t\t\t\t\t<\/div>\n\t\t<\/div>\n\t\t\t\t\t<\/div>\n\t\t<\/section>\n\t\t\t\t<\/div>\n\t\t","protected":false},"excerpt":{"rendered":"<p>Program Rozbudowa szko\u0142y w dzielnicy Przyt\u00f3r-\u0141unowo\u00a0oraz punktu przedszkolnego w Karsiborze; Kanalizacja wyspy Karsib\u00f3r; Otwarcie ulicy Ku Morzu oraz zapewnienie dost\u0119pu do pla\u017cy i\u00a0zabytk\u00f3w na Prawobrze\u017cu; Waloryzacja Bonu Seniora do kwoty 500 z\u0142; Budowa hali widowiskowo-sportowej; Regionalne Centrum Spotka\u0144 m\u0142odzie\u017cy i senior\u00f3w; Rozbudowa o\u015brodka przy ul. Basztowej na rzecz Os\u00f3b\u00a0z\u00a0Niepe\u0142nosprawno\u015bci\u0105; Modernizacja Mariny im. Jerzego Por\u0119bskiego wraz&hellip;&nbsp;<a href=\"https:\/\/www.jacekjurkiewicz.pl\/index.php\/wybory-2024\/\" rel=\"bookmark\">Dowiedz si\u0119 wi\u0119cej &raquo;<span class=\"screen-reader-text\">Wybory 2024<\/span><\/a><\/p>\n","protected":false},"author":1,"featured_media":0,"parent":0,"menu_order":0,"comment_status":"closed","ping_status":"closed","template":"page-templates\/template-pagebuilder-full-width.php","meta":{"neve_meta_sidebar":"","neve_meta_container":"","neve_meta_enable_content_width":"","neve_meta_content_width":0,"neve_meta_title_alignment":"","neve_meta_author_avatar":"","neve_post_elements_order":"","neve_meta_disable_header":"","neve_meta_disable_footer":"","neve_meta_disable_title":"","footnotes":""},"class_list":["post-1955","page","type-page","status-publish","hentry"],"yoast_head":"<!-- This site is optimized with the Yoast SEO plugin v27.3 - https:\/\/yoast.com\/product\/yoast-seo-wordpress\/ -->\n<title>Wybory 2024 -<\/title>\n<meta name=\"robots\" content=\"index, follow, max-snippet:-1, max-image-preview:large, max-video-preview:-1\" \/>\n<link rel=\"canonical\" href=\"https:\/\/www.jacekjurkiewicz.pl\/index.php\/wybory-2024\/\" \/>\n<meta property=\"og:locale\" content=\"pl_PL\" \/>\n<meta property=\"og:type\" content=\"article\" \/>\n<meta property=\"og:title\" content=\"Wybory 2024 -\" \/>\n<meta property=\"og:description\" content=\"Program Rozbudowa szko\u0142y w dzielnicy Przyt\u00f3r-\u0141unowo\u00a0oraz punktu przedszkolnego w Karsiborze; Kanalizacja wyspy Karsib\u00f3r; Otwarcie ulicy Ku Morzu oraz zapewnienie dost\u0119pu do pla\u017cy i\u00a0zabytk\u00f3w na Prawobrze\u017cu; Waloryzacja Bonu Seniora do kwoty 500 z\u0142; Budowa hali widowiskowo-sportowej; Regionalne Centrum Spotka\u0144 m\u0142odzie\u017cy i senior\u00f3w; Rozbudowa o\u015brodka przy ul. Basztowej na rzecz Os\u00f3b\u00a0z\u00a0Niepe\u0142nosprawno\u015bci\u0105; Modernizacja Mariny im. Jerzego Por\u0119bskiego wraz&hellip;&nbsp;Dowiedz si\u0119 wi\u0119cej &raquo;Wybory 2024\" \/>\n<meta property=\"og:url\" content=\"https:\/\/www.jacekjurkiewicz.pl\/index.php\/wybory-2024\/\" \/>\n<meta property=\"article:modified_time\" content=\"2024-03-11T12:58:19+00:00\" \/>\n<meta property=\"og:image\" content=\"https:\/\/www.jacekjurkiewicz.pl\/wp-content\/uploads\/2024\/02\/423174438_122103310700197542_6561239002822385400_n-1024x534.jpeg\" \/>\n<meta name=\"twitter:card\" content=\"summary_large_image\" \/>\n<meta name=\"twitter:label1\" content=\"Szacowany czas czytania\" \/>\n\t<meta name=\"twitter:data1\" content=\"5 minut\" \/>\n<script type=\"application\/ld+json\" class=\"yoast-schema-graph\">{\"@context\":\"https:\\\/\\\/schema.org\",\"@graph\":[{\"@type\":\"WebPage\",\"@id\":\"https:\\\/\\\/www.jacekjurkiewicz.pl\\\/index.php\\\/wybory-2024\\\/\",\"url\":\"https:\\\/\\\/www.jacekjurkiewicz.pl\\\/index.php\\\/wybory-2024\\\/\",\"name\":\"Wybory 2024 -\",\"isPartOf\":{\"@id\":\"https:\\\/\\\/www.jacekjurkiewicz.pl\\\/#website\"},\"primaryImageOfPage\":{\"@id\":\"https:\\\/\\\/www.jacekjurkiewicz.pl\\\/index.php\\\/wybory-2024\\\/#primaryimage\"},\"image\":{\"@id\":\"https:\\\/\\\/www.jacekjurkiewicz.pl\\\/index.php\\\/wybory-2024\\\/#primaryimage\"},\"thumbnailUrl\":\"https:\\\/\\\/www.jacekjurkiewicz.pl\\\/wp-content\\\/uploads\\\/2024\\\/02\\\/423174438_122103310700197542_6561239002822385400_n-1024x534.jpeg\",\"datePublished\":\"2024-02-15T15:56:17+00:00\",\"dateModified\":\"2024-03-11T12:58:19+00:00\",\"breadcrumb\":{\"@id\":\"https:\\\/\\\/www.jacekjurkiewicz.pl\\\/index.php\\\/wybory-2024\\\/#breadcrumb\"},\"inLanguage\":\"pl-PL\",\"potentialAction\":[{\"@type\":\"ReadAction\",\"target\":[\"https:\\\/\\\/www.jacekjurkiewicz.pl\\\/index.php\\\/wybory-2024\\\/\"]}]},{\"@type\":\"ImageObject\",\"inLanguage\":\"pl-PL\",\"@id\":\"https:\\\/\\\/www.jacekjurkiewicz.pl\\\/index.php\\\/wybory-2024\\\/#primaryimage\",\"url\":\"https:\\\/\\\/www.jacekjurkiewicz.pl\\\/wp-content\\\/uploads\\\/2024\\\/02\\\/423174438_122103310700197542_6561239002822385400_n.jpeg\",\"contentUrl\":\"https:\\\/\\\/www.jacekjurkiewicz.pl\\\/wp-content\\\/uploads\\\/2024\\\/02\\\/423174438_122103310700197542_6561239002822385400_n.jpeg\",\"width\":1640,\"height\":856},{\"@type\":\"BreadcrumbList\",\"@id\":\"https:\\\/\\\/www.jacekjurkiewicz.pl\\\/index.php\\\/wybory-2024\\\/#breadcrumb\",\"itemListElement\":[{\"@type\":\"ListItem\",\"position\":1,\"name\":\"Strona g\u0142\u00f3wna\",\"item\":\"https:\\\/\\\/www.jacekjurkiewicz.pl\\\/\"},{\"@type\":\"ListItem\",\"position\":2,\"name\":\"Wybory 2024\"}]},{\"@type\":\"WebSite\",\"@id\":\"https:\\\/\\\/www.jacekjurkiewicz.pl\\\/#website\",\"url\":\"https:\\\/\\\/www.jacekjurkiewicz.pl\\\/\",\"name\":\"\",\"description\":\"\",\"potentialAction\":[{\"@type\":\"SearchAction\",\"target\":{\"@type\":\"EntryPoint\",\"urlTemplate\":\"https:\\\/\\\/www.jacekjurkiewicz.pl\\\/?s={search_term_string}\"},\"query-input\":{\"@type\":\"PropertyValueSpecification\",\"valueRequired\":true,\"valueName\":\"search_term_string\"}}],\"inLanguage\":\"pl-PL\"}]}<\/script>\n<!-- \/ Yoast SEO plugin. -->","yoast_head_json":{"title":"Wybory 2024 -","robots":{"index":"index","follow":"follow","max-snippet":"max-snippet:-1","max-image-preview":"max-image-preview:large","max-video-preview":"max-video-preview:-1"},"canonical":"https:\/\/www.jacekjurkiewicz.pl\/index.php\/wybory-2024\/","og_locale":"pl_PL","og_type":"article","og_title":"Wybory 2024 -","og_description":"Program Rozbudowa szko\u0142y w dzielnicy Przyt\u00f3r-\u0141unowo\u00a0oraz punktu przedszkolnego w Karsiborze; Kanalizacja wyspy Karsib\u00f3r; Otwarcie ulicy Ku Morzu oraz zapewnienie dost\u0119pu do pla\u017cy i\u00a0zabytk\u00f3w na Prawobrze\u017cu; Waloryzacja Bonu Seniora do kwoty 500 z\u0142; Budowa hali widowiskowo-sportowej; Regionalne Centrum Spotka\u0144 m\u0142odzie\u017cy i senior\u00f3w; Rozbudowa o\u015brodka przy ul. Basztowej na rzecz Os\u00f3b\u00a0z\u00a0Niepe\u0142nosprawno\u015bci\u0105; Modernizacja Mariny im. Jerzego Por\u0119bskiego wraz&hellip;&nbsp;Dowiedz si\u0119 wi\u0119cej &raquo;Wybory 2024","og_url":"https:\/\/www.jacekjurkiewicz.pl\/index.php\/wybory-2024\/","article_modified_time":"2024-03-11T12:58:19+00:00","og_image":[{"url":"https:\/\/www.jacekjurkiewicz.pl\/wp-content\/uploads\/2024\/02\/423174438_122103310700197542_6561239002822385400_n-1024x534.jpeg","type":"","width":"","height":""}],"twitter_card":"summary_large_image","twitter_misc":{"Szacowany czas czytania":"5 minut"},"schema":{"@context":"https:\/\/schema.org","@graph":[{"@type":"WebPage","@id":"https:\/\/www.jacekjurkiewicz.pl\/index.php\/wybory-2024\/","url":"https:\/\/www.jacekjurkiewicz.pl\/index.php\/wybory-2024\/","name":"Wybory 2024 -","isPartOf":{"@id":"https:\/\/www.jacekjurkiewicz.pl\/#website"},"primaryImageOfPage":{"@id":"https:\/\/www.jacekjurkiewicz.pl\/index.php\/wybory-2024\/#primaryimage"},"image":{"@id":"https:\/\/www.jacekjurkiewicz.pl\/index.php\/wybory-2024\/#primaryimage"},"thumbnailUrl":"https:\/\/www.jacekjurkiewicz.pl\/wp-content\/uploads\/2024\/02\/423174438_122103310700197542_6561239002822385400_n-1024x534.jpeg","datePublished":"2024-02-15T15:56:17+00:00","dateModified":"2024-03-11T12:58:19+00:00","breadcrumb":{"@id":"https:\/\/www.jacekjurkiewicz.pl\/index.php\/wybory-2024\/#breadcrumb"},"inLanguage":"pl-PL","potentialAction":[{"@type":"ReadAction","target":["https:\/\/www.jacekjurkiewicz.pl\/index.php\/wybory-2024\/"]}]},{"@type":"ImageObject","inLanguage":"pl-PL","@id":"https:\/\/www.jacekjurkiewicz.pl\/index.php\/wybory-2024\/#primaryimage","url":"https:\/\/www.jacekjurkiewicz.pl\/wp-content\/uploads\/2024\/02\/423174438_122103310700197542_6561239002822385400_n.jpeg","contentUrl":"https:\/\/www.jacekjurkiewicz.pl\/wp-content\/uploads\/2024\/02\/423174438_122103310700197542_6561239002822385400_n.jpeg","width":1640,"height":856},{"@type":"BreadcrumbList","@id":"https:\/\/www.jacekjurkiewicz.pl\/index.php\/wybory-2024\/#breadcrumb","itemListElement":[{"@type":"ListItem","position":1,"name":"Strona g\u0142\u00f3wna","item":"https:\/\/www.jacekjurkiewicz.pl\/"},{"@type":"ListItem","position":2,"name":"Wybory 2024"}]},{"@type":"WebSite","@id":"https:\/\/www.jacekjurkiewicz.pl\/#website","url":"https:\/\/www.jacekjurkiewicz.pl\/","name":"","description":"","potentialAction":[{"@type":"SearchAction","target":{"@type":"EntryPoint","urlTemplate":"https:\/\/www.jacekjurkiewicz.pl\/?s={search_term_string}"},"query-input":{"@type":"PropertyValueSpecification","valueRequired":true,"valueName":"search_term_string"}}],"inLanguage":"pl-PL"}]}},"_links":{"self":[{"href":"https:\/\/www.jacekjurkiewicz.pl\/index.php\/wp-json\/wp\/v2\/pages\/1955","targetHints":{"allow":["GET"]}}],"collection":[{"href":"https:\/\/www.jacekjurkiewicz.pl\/index.php\/wp-json\/wp\/v2\/pages"}],"about":[{"href":"https:\/\/www.jacekjurkiewicz.pl\/index.php\/wp-json\/wp\/v2\/types\/page"}],"author":[{"embeddable":true,"href":"https:\/\/www.jacekjurkiewicz.pl\/index.php\/wp-json\/wp\/v2\/users\/1"}],"replies":[{"embeddable":true,"href":"https:\/\/www.jacekjurkiewicz.pl\/index.php\/wp-json\/wp\/v2\/comments?post=1955"}],"version-history":[{"count":40,"href":"https:\/\/www.jacekjurkiewicz.pl\/index.php\/wp-json\/wp\/v2\/pages\/1955\/revisions"}],"predecessor-version":[{"id":2036,"href":"https:\/\/www.jacekjurkiewicz.pl\/index.php\/wp-json\/wp\/v2\/pages\/1955\/revisions\/2036"}],"wp:attachment":[{"href":"https:\/\/www.jacekjurkiewicz.pl\/index.php\/wp-json\/wp\/v2\/media?parent=1955"}],"curies":[{"name":"wp","href":"https:\/\/api.w.org\/{rel}","templated":true}]}}